{"id":1348,"date":"2022-06-23T12:17:34","date_gmt":"2022-06-23T10:17:34","guid":{"rendered":"http:\/\/reno4er.de\/wordpress\/?page_id=1348"},"modified":"2025-06-03T19:47:00","modified_gmt":"2025-06-03T17:47:00","slug":"wir-ueber-uns","status":"publish","type":"page","link":"https:\/\/reno4er.de\/wordpress\/wir-ueber-uns\/","title":{"rendered":"Wir \u00fcber uns"},"content":{"rendered":"<h2 style=\"font-style:normal;font-weight:700;\" class=\"has-text-align-center alignwide wp-block-post-title has-background has-luminous-vivid-amber-background-color has-x-large-font-size\">Wir \u00fcber uns<\/h2>\n\n\n<div class=\"wp-block-columns alignwide is-layout-flex wp-container-core-columns-is-layout-28f84493 wp-block-columns-is-layout-flex\">\n<div class=\"wp-block-column is-layout-flow wp-block-column-is-layout-flow\">\n<h2 class=\"wp-block-heading has-text-align-center has-medium-font-size\" style=\"font-style:normal;font-weight:700\">Stefan Sch\u00fctzenhofer, Koblenz<\/h2>\n\n\n\n<p>Stefan Sch\u00fctzenhofer besch\u00e4ftigt sich seit vielen Jahren mit klassische Renault &#8211; Kleinwagen. So hat er neben seiner umfangreichen Sammlung \u00fcber seine Firma eines der komplettesten Angebote an Ersatzteilen f\u00fcr Renault<br>Modelle mit Heckmotor diesseits des Rheins aufgebaut, das fast keine W\u00fcnsche offen l\u00e4sst.<br>Aus dieser Vorgeschichte kennt er viele Teilequellen, aus denen nun auch R4 Teile sprudeln. Die Verkaufsangebote verweisen auf das Angebot der Firma Sch\u00fctzenhofer \/ Koblenz. Bestellung von Teilen aus der Liste und Fragen zur Lieferbarkeit und Lieferzeit direkt an Ihn:<\/p>\n\n\n\n<figure class=\"wp-block-table is-style-stripes\"><table><tbody><tr><td class=\"has-text-align-center\" data-align=\"center\">56133 Fachbach<br>Insel Oberau<br>Fon 02603 \/ 14154 ( ab 14 Uhr )<br>Fax 0261 \/ 16657<br>Mobil 0171 \/ 7670551<\/td><\/tr><tr><td class=\"has-text-align-center\" data-align=\"center\"><strong><a href=\"mailto:bestellung@reno4er.de\" target=\"_blank\" rel=\"noreferrer noopener\">bestellung@Reno4er.de<\/a><\/strong><\/td><\/tr><\/tbody><\/table><\/figure>\n<\/div>\n\n\n\n<div class=\"wp-block-column is-layout-flow wp-block-column-is-layout-flow\">\n<h2 class=\"wp-block-heading has-text-align-center has-medium-font-size\" style=\"font-style:normal;font-weight:700\">Fachberatung zum Renault 4<\/h2>\n\n\n\n<p>Wenn Sie Fragen zur Technik, Reparatur und Geschichte des Renault 4 haben, oder auch nicht sicher sind, welches Teil Sie bestellen sollen, oder das gesucht Teil nicht in den Listen finden, wenden Sie sich mit Ihrer Frage an unsere Fachberatung.<\/p>\n\n\n\n<figure class=\"wp-block-table is-style-stripes\"><table><tbody><tr><td class=\"has-text-align-center\" data-align=\"center\">Weitere R4 Info&#8217;s auch unter: <br>www.r4l.de<\/td><\/tr><tr><td class=\"has-text-align-center\" data-align=\"center\"><strong><a href=\"mailto:beratung@reno4er.de\" data-type=\"mailto\" data-id=\"mailto:beratung@reno4er.de\" target=\"_blank\" rel=\"noreferrer noopener\">beratung@Reno4er.de<\/a><\/strong><\/td><\/tr><\/tbody><\/table><\/figure>\n<\/div>\n<\/div>\n\n\n\n<div class=\"wp-block-group alignwide is-layout-flow wp-block-group-is-layout-flow\">\n<p class=\"has-text-align-center has-luminous-vivid-amber-background-color has-background\">Beratung Renault Heckmotor &#8211; Kleinwagen und Teileverkauf: <strong><a href=\"mailto:bestellung@reno4er.de\">Stefan Sch\u00fctzenhofer<\/a><br><\/strong>Beratung in allen R4 Fragen: <a href=\"mailto:beratung@reno4er.de\"><strong>beratung@reno4er.de<\/strong><\/a>  <\/p>\n<\/div>\n<div class=\"pdfprnt-buttons pdfprnt-buttons-page pdfprnt-bottom-right\"><a href=\"https:\/\/reno4er.de\/wordpress\/wp-json\/wp\/v2\/pages\/1348?print=pdf\" class=\"pdfprnt-button pdfprnt-button-pdf\" target=\"_blank\"><img decoding=\"async\" src=\"https:\/\/reno4er.de\/wordpress\/wp-content\/plugins\/pdf-print\/images\/pdf.png\" alt=\"image_pdf\" title=\"PDF Herunterladen\" \/><span class=\"pdfprnt-button-title pdfprnt-button-pdf-title\">Herunterladen<\/span><\/a><a href=\"https:\/\/reno4er.de\/wordpress\/wp-json\/wp\/v2\/pages\/1348?print=print\" class=\"pdfprnt-button pdfprnt-button-print\" target=\"_blank\"><img decoding=\"async\" src=\"https:\/\/reno4er.de\/wordpress\/wp-content\/plugins\/pdf-print\/images\/print.png\" alt=\"image_print\" title=\"Inhalt drucken\" \/><span class=\"pdfprnt-button-title pdfprnt-button-print-title\">Drucken<\/span><\/a><\/div>","protected":false},"excerpt":{"rendered":"<p>Stefan Sch\u00fctzenhofer, Koblenz Stefan Sch\u00fctzenhofer besch\u00e4ftigt sich seit vielen Jahren mit klassische Renault &#8211; Kleinwagen. So hat er neben seiner umfangreichen Sammlung \u00fcber seine Firma eines der komplettesten Angebote an Ersatzteilen f\u00fcr RenaultModelle mit Heckmotor diesseits des Rheins aufgebaut, das fast keine W\u00fcnsche offen l\u00e4sst.Aus dieser Vorgeschichte kennt er viele Teilequellen, aus denen nun auch [&hellip;]<\/p>\n","protected":false},"author":2,"featured_media":0,"parent":0,"menu_order":0,"comment_status":"closed","ping_status":"closed","template":"single-no-separators","meta":{"footnotes":""},"class_list":["post-1348","page","type-page","status-publish","hentry"],"_links":{"self":[{"href":"https:\/\/reno4er.de\/wordpress\/wp-json\/wp\/v2\/pages\/1348","targetHints":{"allow":["GET"]}}],"collection":[{"href":"https:\/\/reno4er.de\/wordpress\/wp-json\/wp\/v2\/pages"}],"about":[{"href":"https:\/\/reno4er.de\/wordpress\/wp-json\/wp\/v2\/types\/page"}],"author":[{"embeddable":true,"href":"https:\/\/reno4er.de\/wordpress\/wp-json\/wp\/v2\/users\/2"}],"replies":[{"embeddable":true,"href":"https:\/\/reno4er.de\/wordpress\/wp-json\/wp\/v2\/comments?post=1348"}],"version-history":[{"count":3,"href":"https:\/\/reno4er.de\/wordpress\/wp-json\/wp\/v2\/pages\/1348\/revisions"}],"predecessor-version":[{"id":1418,"href":"https:\/\/reno4er.de\/wordpress\/wp-json\/wp\/v2\/pages\/1348\/revisions\/1418"}],"wp:attachment":[{"href":"https:\/\/reno4er.de\/wordpress\/wp-json\/wp\/v2\/media?parent=1348"}],"curies":[{"name":"wp","href":"https:\/\/api.w.org\/{rel}","templated":true}]}}